{"id":2,"date":"2016-09-22T15:47:42","date_gmt":"2016-09-22T21:47:42","guid":{"rendered":"http:\/\/mallas-de-sombreo.net\/?page_id=2"},"modified":"2021-09-23T17:25:57","modified_gmt":"2021-09-23T23:25:57","slug":"beneficios-la-malla-sombreo-en-la-elaboracion-compost","status":"publish","type":"page","link":"https:\/\/mallas-de-sombreo.net\/","title":{"rendered":"BENEFICIOS DE LA MALLA DE SOMBREO EN LA ELABORACI\u00d3N DE COMPOST"},"content":{"rendered":"<h1 style=\"text-align: center;\">BENEFICIOS DE LA MALLA DE SOMBREO EN LA ELABORACI\u00d3N DE COMPOST<\/h1>\n<h2 style=\"text-align: center;\">La mejor forma para obtener un buen compost es que este protegido con malla de sombreo<\/h2>\n<p style=\"text-align: justify;\">Siga\u00a0estas instrucciones para crear abono en su patio y jard\u00edn. Al hacerlo, tenga en cuenta que el punto del compost es poner los procesos de descomposici\u00f3n naturales primero. A partir de ah\u00ed, todo lo dem\u00e1s cae f\u00e1cilmente en su lugar.<\/p>\n<p><img loading=\"lazy\" decoding=\"async\" class=\"alignnone  wp-image-21\" src=\"https:\/\/mallas-de-sombreo.net\/wp-content\/uploads\/2021\/09\/pagin-300x169.png\" alt=\"\" width=\"573\" height=\"323\" srcset=\"https:\/\/mallas-de-sombreo.net\/wp-content\/uploads\/2021\/09\/pagin-300x169.png 300w, https:\/\/mallas-de-sombreo.net\/wp-content\/uploads\/2021\/09\/pagin-1024x576.png 1024w, https:\/\/mallas-de-sombreo.net\/wp-content\/uploads\/2021\/09\/pagin-768x432.png 768w, https:\/\/mallas-de-sombreo.net\/wp-content\/uploads\/2021\/09\/pagin-1536x864.png 1536w, https:\/\/mallas-de-sombreo.net\/wp-content\/uploads\/2021\/09\/pagin.png 1920w\" sizes=\"auto, (max-width: 573px) 85vw, 573px\" \/><\/p>\n<h3 style=\"text-align: justify;\">1. Elija sitios para elaborar el compost<\/h3>\n<p style=\"text-align: justify;\">Mantenga su jard\u00edn y compost tan cerca uno del otro como sea posible. Use compost en su jard\u00edn, en su huerto y en cada sitio que pueda, o al menos cerca.<\/p>\n<p style=\"text-align: justify;\">La mayor\u00eda de las hortalizas crecen mejor con un mont\u00f3n de sol. Las pilas de compost retienen la humedad mejor cuando se encuentran en la sombra. Sera importante que el \u00e1rea \u00a0en la que se este realizando el proceso de compostaje este protegida con malla \u00a0de \u00a0sombreo. La malla de sombreo har\u00e1 que la compota mantenga la humedad adecuada. Mediante la malla de sombreo se ahorrare el uso de agua de riego.<\/p>\n<h4 style=\"text-align: justify;\">2. Trabaja con lo que tienes.<\/h4>\n<p style=\"text-align: justify;\">El compost es lo que se hace en primer lugar, la importaci\u00f3n de materiales debe usarse solo cuando sea conveniente y de especial valor para su proyecto de compostaje. En vez de pensar en materiales de los que ha o\u00eddo hablar para hacer buen compost, c\u00e9ntrese en el mejor trabajo posible con materiales que genere en su hogar. La mayor\u00eda de los paisajes producen un mont\u00f3n de hojas secas, recortes de c\u00e9sped y plantas marchitas, las cocinas arrojan un suministro constante de riquezas compostables. Cuando usted quiera traer materiales externos, empezar a buscar a lo largo de las aceras en su vecindario, y seguir con otras fuentes cercanas a casa. Adem\u00e1s de ser c\u00f3modo y eficiente, utilizando materiales de la zona toma un bocado de los costos locales de eliminaci\u00f3n de residuos y ahorra millas innecesarias en compost.<\/p>\n<h5 style=\"text-align: justify;\">3. Ayuda a los descomponedores a hacer sus trabajos.<\/h5>\n<p style=\"text-align: justify;\">El compost se produce gracias a los esfuerzos de una vasta poblaci\u00f3n de organismos \u2013 a partir de las lombrices y cochinillas a los hongos microsc\u00f3picos y bacterias \u2013 que viven, se \u00a0alimentan \u00a0y procesan la materia org\u00e1nica en nutrientes para el suelo y las plantas. La creaci\u00f3n de las condiciones \u00f3ptimas para estos bichos es la clave de su \u00e9xito en el compost. Mantenerlos trabajando por el equilibrio entre los ingredientes de compost \u201cverdes\u201d y \u201cmarrones\u201d, agregando alto contenido de nitr\u00f3geno cuando sea necesario y mantener los materiales de compost h\u00famedos. Adem\u00e1s, puede airear las pilas de compost, d\u00e1ndoles la vuelta \u00a0para estimular la actividad microbiana.<\/p>\n<h6 style=\"text-align: justify;\">4. Reutilizar y reciclar.<\/h6>\n<p style=\"text-align: justify;\">Reutilice\u00a0 los elementos de la papelera\u00a0 en sus proyectos de compostaje. Guarde \u00a0compost terminado en (bien lavadas) contenedores a granel, tales como pl\u00e1stico, cubos y envases de detergentes. Coloque una capa gruesa de peri\u00f3dicos en la base de una pila de compost curado para disuadir ra\u00edces invasoras de \u00e1rboles. Busque oportunidades novedosas para utilizar compost de jard\u00edn, m\u00e9todos para reducir los residuos generados por el d\u00eda a d\u00eda en su hogar.<\/p>\n<h6 style=\"text-align: justify;\">5. La magia est\u00e1 en la mezcla.<\/h6>\n<p style=\"text-align: justify;\">Las hojas descompuestas se llaman moldes de hoja, y el esti\u00e9rcol podrido\u2026esti\u00e9rcol podrido. Tanto los moldes de hoja y el esti\u00e9rcol podrido tienen usos especiales, pero carecen de la comunidad diversa de microorganismos beneficiosos que se encuentran en el compost verdadero, que est\u00e1 hecho de una amplia variedad de materiales. \u00a0Cada ingrediente org\u00e1nico que puso en un compost, ser\u00e1 el anfitri\u00f3n de un grupo un poco diferente de los microorganismos, y esta diversidad es lo que hace un compost de excelente calidad.<\/p>\n<p><img loading=\"lazy\" decoding=\"async\" class=\"wp-image-26 aligncenter\" src=\"https:\/\/mallas-de-sombreo.net\/wp-content\/uploads\/2021\/09\/para-pag-208x300.png\" alt=\"\" width=\"259\" height=\"374\" srcset=\"https:\/\/mallas-de-sombreo.net\/wp-content\/uploads\/2021\/09\/para-pag-208x300.png 208w, https:\/\/mallas-de-sombreo.net\/wp-content\/uploads\/2021\/09\/para-pag-711x1024.png 711w, https:\/\/mallas-de-sombreo.net\/wp-content\/uploads\/2021\/09\/para-pag.png 750w\" sizes=\"auto, (max-width: 259px) 85vw, 259px\" \/><\/p>\n<h6 style=\"text-align: justify;\">6. Compost para satisfacer las necesidades de su jard\u00edn.<\/h6>\n<p style=\"text-align: justify;\">Tratar a todas las plantas que crecen con una cierta forma de compost. Coloque macetas a medida que los renuevan entre plantaciones. Modificar hoyos de plantaci\u00f3n, o mezclar sus mejores partidas en el suelo casero para macetas.<\/p>\n<p style=\"text-align: justify;\">El uso del compost como abono y humus de lombriz y en \u00a0flores o plantas de interior es excelente. Haga coincidir el jard\u00edn con el compost, y siempre ponga primero el cuidado del suelo y de las plantas.<\/p>\n<p><img loading=\"lazy\" decoding=\"async\" class=\"alignnone  wp-image-24\" src=\"https:\/\/mallas-de-sombreo.net\/wp-content\/uploads\/2021\/09\/pag-300x225.png\" alt=\"\" width=\"571\" height=\"428\" srcset=\"https:\/\/mallas-de-sombreo.net\/wp-content\/uploads\/2021\/09\/pag-300x225.png 300w, https:\/\/mallas-de-sombreo.net\/wp-content\/uploads\/2021\/09\/pag-768x576.png 768w, https:\/\/mallas-de-sombreo.net\/wp-content\/uploads\/2021\/09\/pag.png 1000w\" sizes=\"auto, (max-width: 571px) 85vw, 571px\" \/><\/p>\n","protected":false},"excerpt":{"rendered":"<p>BENEFICIOS DE LA MALLA DE SOMBREO EN LA ELABORACI\u00d3N DE COMPOST La mejor forma para obtener un buen compost es que este protegido con malla de sombreo Siga\u00a0estas instrucciones para crear abono en su patio y jard\u00edn. Al hacerlo, tenga en cuenta que el punto del compost es poner los procesos de descomposici\u00f3n naturales primero. &hellip; <a href=\"https:\/\/mallas-de-sombreo.net\/\" class=\"more-link\">Continuar leyendo<span class=\"screen-reader-text\"> &#8220;BENEFICIOS DE LA MALLA DE SOMBREO EN LA ELABORACI\u00d3N DE COMPOST&#8221;<\/span><\/a><\/p>\n","protected":false},"author":1,"featured_media":0,"parent":0,"menu_order":0,"comment_status":"closed","ping_status":"open","template":"","meta":{"footnotes":""},"class_list":["post-2","page","type-page","status-publish","hentry"],"yoast_head":"<!-- This site is optimized with the Yoast SEO plugin v26.2 - https:\/\/yoast.com\/wordpress\/plugins\/seo\/ -->\n<title>Beneficios de la malla de sombreo en la elaboraci\u00f3n de compost<\/title>\n<meta name=\"description\" content=\"La malla de sombreo es muy \u00fatil, contribuye a que la composta mantenga una buena humedad, por lo tanto el uso de agua de riego disminuye\" \/>\n<meta name=\"robots\" content=\"index, follow, max-snippet:-1, max-image-preview:large, max-video-preview:-1\" \/>\n<link rel=\"canonical\" href=\"https:\/\/mallas-de-sombreo.net\/\" \/>\n<meta property=\"og:locale\" content=\"es_MX\" \/>\n<meta property=\"og:type\" content=\"article\" \/>\n<meta property=\"og:title\" content=\"Beneficios de la malla de sombreo en la elaboraci\u00f3n de compost\" \/>\n<meta property=\"og:description\" content=\"La malla de sombreo es muy \u00fatil, contribuye a que la composta mantenga una buena humedad, por lo tanto el uso de agua de riego disminuye\" \/>\n<meta property=\"og:url\" content=\"https:\/\/mallas-de-sombreo.net\/\" \/>\n<meta property=\"og:site_name\" content=\"Mallas de Sombreo\" \/>\n<meta property=\"article:modified_time\" content=\"2021-09-23T23:25:57+00:00\" \/>\n<meta property=\"og:image\" content=\"https:\/\/mallas-de-sombreo.net\/wp-content\/uploads\/2021\/09\/pagin-300x169.png\" \/>\n<meta name=\"twitter:card\" content=\"summary_large_image\" \/>\n<meta name=\"twitter:label1\" content=\"Tiempo de lectura\" \/>\n\t<meta name=\"twitter:data1\" content=\"4 minutos\" \/>\n<script type=\"application\/ld+json\" class=\"yoast-schema-graph\">{\"@context\":\"https:\/\/schema.org\",\"@graph\":[{\"@type\":\"WebPage\",\"@id\":\"https:\/\/mallas-de-sombreo.net\/\",\"url\":\"https:\/\/mallas-de-sombreo.net\/\",\"name\":\"Beneficios de la malla de sombreo en la elaboraci\u00f3n de compost\",\"isPartOf\":{\"@id\":\"https:\/\/mallas-de-sombreo.net\/#website\"},\"primaryImageOfPage\":{\"@id\":\"https:\/\/mallas-de-sombreo.net\/#primaryimage\"},\"image\":{\"@id\":\"https:\/\/mallas-de-sombreo.net\/#primaryimage\"},\"thumbnailUrl\":\"https:\/\/mallas-de-sombreo.net\/wp-content\/uploads\/2021\/09\/pagin-300x169.png\",\"datePublished\":\"2016-09-22T21:47:42+00:00\",\"dateModified\":\"2021-09-23T23:25:57+00:00\",\"description\":\"La malla de sombreo es muy \u00fatil, contribuye a que la composta mantenga una buena humedad, por lo tanto el uso de agua de riego disminuye\",\"breadcrumb\":{\"@id\":\"https:\/\/mallas-de-sombreo.net\/#breadcrumb\"},\"inLanguage\":\"es\",\"potentialAction\":[{\"@type\":\"ReadAction\",\"target\":[\"https:\/\/mallas-de-sombreo.net\/\"]}]},{\"@type\":\"ImageObject\",\"inLanguage\":\"es\",\"@id\":\"https:\/\/mallas-de-sombreo.net\/#primaryimage\",\"url\":\"https:\/\/mallas-de-sombreo.net\/wp-content\/uploads\/2021\/09\/pagin.png\",\"contentUrl\":\"https:\/\/mallas-de-sombreo.net\/wp-content\/uploads\/2021\/09\/pagin.png\",\"width\":1920,\"height\":1080},{\"@type\":\"BreadcrumbList\",\"@id\":\"https:\/\/mallas-de-sombreo.net\/#breadcrumb\",\"itemListElement\":[{\"@type\":\"ListItem\",\"position\":1,\"name\":\"Inicio\",\"item\":\"https:\/\/mallas-de-sombreo.net\/\"},{\"@type\":\"ListItem\",\"position\":2,\"name\":\"BENEFICIOS DE LA MALLA DE SOMBREO EN LA ELABORACI\u00d3N DE COMPOST\"}]},{\"@type\":\"WebSite\",\"@id\":\"https:\/\/mallas-de-sombreo.net\/#website\",\"url\":\"https:\/\/mallas-de-sombreo.net\/\",\"name\":\"Mallas de Sombreo\",\"description\":\"La Opci\u00f3n Perfecta para un Buen Compost\",\"potentialAction\":[{\"@type\":\"SearchAction\",\"target\":{\"@type\":\"EntryPoint\",\"urlTemplate\":\"https:\/\/mallas-de-sombreo.net\/?s={search_term_string}\"},\"query-input\":{\"@type\":\"PropertyValueSpecification\",\"valueRequired\":true,\"valueName\":\"search_term_string\"}}],\"inLanguage\":\"es\"}]}<\/script>\n<!-- \/ Yoast SEO plugin. -->","yoast_head_json":{"title":"Beneficios de la malla de sombreo en la elaboraci\u00f3n de compost","description":"La malla de sombreo es muy \u00fatil, contribuye a que la composta mantenga una buena humedad, por lo tanto el uso de agua de riego disminuye","robots":{"index":"index","follow":"follow","max-snippet":"max-snippet:-1","max-image-preview":"max-image-preview:large","max-video-preview":"max-video-preview:-1"},"canonical":"https:\/\/mallas-de-sombreo.net\/","og_locale":"es_MX","og_type":"article","og_title":"Beneficios de la malla de sombreo en la elaboraci\u00f3n de compost","og_description":"La malla de sombreo es muy \u00fatil, contribuye a que la composta mantenga una buena humedad, por lo tanto el uso de agua de riego disminuye","og_url":"https:\/\/mallas-de-sombreo.net\/","og_site_name":"Mallas de Sombreo","article_modified_time":"2021-09-23T23:25:57+00:00","og_image":[{"url":"https:\/\/mallas-de-sombreo.net\/wp-content\/uploads\/2021\/09\/pagin-300x169.png","type":"","width":"","height":""}],"twitter_card":"summary_large_image","twitter_misc":{"Tiempo de lectura":"4 minutos"},"schema":{"@context":"https:\/\/schema.org","@graph":[{"@type":"WebPage","@id":"https:\/\/mallas-de-sombreo.net\/","url":"https:\/\/mallas-de-sombreo.net\/","name":"Beneficios de la malla de sombreo en la elaboraci\u00f3n de compost","isPartOf":{"@id":"https:\/\/mallas-de-sombreo.net\/#website"},"primaryImageOfPage":{"@id":"https:\/\/mallas-de-sombreo.net\/#primaryimage"},"image":{"@id":"https:\/\/mallas-de-sombreo.net\/#primaryimage"},"thumbnailUrl":"https:\/\/mallas-de-sombreo.net\/wp-content\/uploads\/2021\/09\/pagin-300x169.png","datePublished":"2016-09-22T21:47:42+00:00","dateModified":"2021-09-23T23:25:57+00:00","description":"La malla de sombreo es muy \u00fatil, contribuye a que la composta mantenga una buena humedad, por lo tanto el uso de agua de riego disminuye","breadcrumb":{"@id":"https:\/\/mallas-de-sombreo.net\/#breadcrumb"},"inLanguage":"es","potentialAction":[{"@type":"ReadAction","target":["https:\/\/mallas-de-sombreo.net\/"]}]},{"@type":"ImageObject","inLanguage":"es","@id":"https:\/\/mallas-de-sombreo.net\/#primaryimage","url":"https:\/\/mallas-de-sombreo.net\/wp-content\/uploads\/2021\/09\/pagin.png","contentUrl":"https:\/\/mallas-de-sombreo.net\/wp-content\/uploads\/2021\/09\/pagin.png","width":1920,"height":1080},{"@type":"BreadcrumbList","@id":"https:\/\/mallas-de-sombreo.net\/#breadcrumb","itemListElement":[{"@type":"ListItem","position":1,"name":"Inicio","item":"https:\/\/mallas-de-sombreo.net\/"},{"@type":"ListItem","position":2,"name":"BENEFICIOS DE LA MALLA DE SOMBREO EN LA ELABORACI\u00d3N DE COMPOST"}]},{"@type":"WebSite","@id":"https:\/\/mallas-de-sombreo.net\/#website","url":"https:\/\/mallas-de-sombreo.net\/","name":"Mallas de Sombreo","description":"La Opci\u00f3n Perfecta para un Buen Compost","potentialAction":[{"@type":"SearchAction","target":{"@type":"EntryPoint","urlTemplate":"https:\/\/mallas-de-sombreo.net\/?s={search_term_string}"},"query-input":{"@type":"PropertyValueSpecification","valueRequired":true,"valueName":"search_term_string"}}],"inLanguage":"es"}]}},"_links":{"self":[{"href":"https:\/\/mallas-de-sombreo.net\/index.php\/wp-json\/wp\/v2\/pages\/2","targetHints":{"allow":["GET"]}}],"collection":[{"href":"https:\/\/mallas-de-sombreo.net\/index.php\/wp-json\/wp\/v2\/pages"}],"about":[{"href":"https:\/\/mallas-de-sombreo.net\/index.php\/wp-json\/wp\/v2\/types\/page"}],"author":[{"embeddable":true,"href":"https:\/\/mallas-de-sombreo.net\/index.php\/wp-json\/wp\/v2\/users\/1"}],"replies":[{"embeddable":true,"href":"https:\/\/mallas-de-sombreo.net\/index.php\/wp-json\/wp\/v2\/comments?post=2"}],"version-history":[{"count":7,"href":"https:\/\/mallas-de-sombreo.net\/index.php\/wp-json\/wp\/v2\/pages\/2\/revisions"}],"predecessor-version":[{"id":27,"href":"https:\/\/mallas-de-sombreo.net\/index.php\/wp-json\/wp\/v2\/pages\/2\/revisions\/27"}],"wp:attachment":[{"href":"https:\/\/mallas-de-sombreo.net\/index.php\/wp-json\/wp\/v2\/media?parent=2"}],"curies":[{"name":"wp","href":"https:\/\/api.w.org\/{rel}","templated":true}]}}